{"id":8,"date":"2020-07-24T17:35:15","date_gmt":"2020-07-24T17:35:15","guid":{"rendered":"https:\/\/exclamacao.agency\/?page_id=8"},"modified":"2026-04-10T06:11:23","modified_gmt":"2026-04-10T06:11:23","slug":"brizy-8","status":"publish","type":"page","link":"https:\/\/exclamacao.agency\/en\/brizy-8\/","title":{"rendered":"tempor\u00e1rio"},"content":{"rendered":"<div class=\"brz-root__container brz-reset-all brz\">\n<section id=\"_avllfuaystjemmknzsnbuxceuljyzsyizgvj\" class=\"brz-section brz-css-rJJeA brz-css-r5d0u\">\n<div class=\"brz-section__content brz-section--boxed brz-css-a3fXG brz-css-vzPMw\" data-brz-custom-id=\"rxmgpkaqelqognyyljtopidurlffrsrnkekz\">\n<div class=\"brz-bg\">\n<div class=\"brz-bg-color\"><\/div>\n<\/div>\n<div class=\"brz-container brz-css-cmwAJ\">\n<div id=\"\" class=\"brz-css-mKgOJ brz-wrapper\">\n<div class=\"brz-rich-text brz-rich-text__custom brz-css-eHve7\" data-brz-custom-id=\"xgtnfaircfutmdzmajnenpgpxcodkmzsyooo\">\n<div data-brz-translate-text=\"1\">\n<p class=\"brz-tp-heading1 brz-text-lg-center brz-css-uMAZD\"><span class=\"brz-cp-color2\">exclama\u00e7\u00e3o design e comunica\u00e7\u00e3o<\/span><\/p>\n<\/div>\n<\/div>\n<\/div>\n<\/div>\n<\/div>\n<\/section>\n<section id=\"_xffgibfxtducsagpmhphqjrcmfwoelbazivn\" class=\"brz-section brz-css-rJJeA\">\n<div class=\"brz-section__content brz-section--boxed brz-css-a3fXG brz-css-eZG4Z\" data-brz-custom-id=\"lrdxksngvupemojtsykmanzqeufpamhvnpyt\">\n<div class=\"brz-bg\">\n<div class=\"brz-bg-color\"><\/div>\n<\/div>\n<div class=\"brz-container brz-css-cmwAJ\">\n<div id=\"\" class=\"brz-css-mKgOJ brz-wrapper\">\n<div class=\"brz-image brz-css-tCmlL\" data-brz-custom-id=\"nihuiaczcodmvzrsknvyqzaqulshbcyarhxq\"><img decoding=\"async\" class=\"brz-img\" src=\"https:\/\/exclamacao.agency\/wp-content\/uploads\/brizy\/imgs\/logotipo-exclamacao-410x90x6x0x398x90x1595611694.png\" alt=\"\" loading=\"lazy\"><\/div>\n<\/div>\n<div id=\"\" class=\"brz-css-mKgOJ brz-wrapper\">\n<div class=\"brz-rich-text brz-rich-text__custom brz-css-eHve7\" data-brz-custom-id=\"fkqdfhnsllkadpyvhptqcpgbggpdpzoumgir\">\n<div data-brz-translate-text=\"1\">\n<p class=\"brz-tp-paragraph brz-text-lg-center brz-css-na_fm\"><span class=\"brz-cp-color8\">ag\u00eancia de comunica\u00e7\u00e3o<\/span><\/p>\n<\/div>\n<\/div>\n<\/div>\n<div id=\"\" class=\"brz-css-mKgOJ brz-css-ulCOh brz-wrapper\">\n<div class=\"brz-spacer brz-css-sewNR brz-css-iD5Ip\"><\/div>\n<\/div>\n<div id=\"\" class=\"brz-css-mKgOJ brz-wrapper\">\n<div class=\"brz-rich-text brz-rich-text__custom brz-css-eHve7\" data-brz-custom-id=\"jjbsgvlycntviclgtdsbocvmfebjqagouaqa\">\n<div data-brz-translate-text=\"1\">\n<p class=\"brz-text-lg-center brz-lh-lg-1_9 brz-lh-sm-im-1_6 brz-lh-xs-im-1_6 brz-fs-lg-16 brz-fs-sm-im-15 brz-fs-xs-im-15 brz-ls-lg-0 brz-ls-sm-im-0 brz-ls-xs-im-0 brz-ff-overpass brz-ft-google brz-fw-lg-400 brz-fw-sm-im-400 brz-fw-xs-im-400 brz-css-tpUBV\"><strong class=\"brz-cp-color3\">NOVIDADES EM BREVE<\/strong><\/p>\n<\/div>\n<\/div>\n<\/div>\n<div id=\"\" class=\"brz-css-mKgOJ brz-css-ulCOh brz-wrapper\">\n<div class=\"brz-spacer brz-css-sewNR brz-css-xd4Q0\"><\/div>\n<\/div>\n<div id=\"\" class=\"brz-css-mKgOJ brz-wrapper\">\n<div class=\"brz-rich-text brz-rich-text__custom brz-css-eHve7\" data-brz-custom-id=\"xfxxpeauxoiyjowpeiiwszoplozsyfpfitbj\">\n<div data-brz-translate-text=\"1\">\n<p class=\"brz-tp-paragraph brz-text-lg-center brz-css-lT8VA\"><span class=\"brz-cp-color8\">follow us<\/span><\/p>\n<\/div>\n<\/div>\n<\/div>\n<div class=\"brz-row__container brz-css-ixbFk\" data-brz-custom-id=\"zvynslznrsvfeeomamqmcobkzbhokzvzpeug\">\n<div class=\"brz-bg\"><\/div>\n<div class=\"brz-row brz-css-kYhss brz-css-lePKc\">\n<div class=\"brz-columns brz-css-c_GRf brz-css-ptuM2\" data-brz-custom-id=\"veibvdcffsdulhpuitdvbeozjjijhyglseva\">\n<div class=\"brz-bg\"><\/div>\n<div class=\"brz-column__items brz-css-hV0w5 brz-css-tvJn1\">\n<div class=\"brz-wrapper-clone brz-css-hOuLn\">\n<div class=\"brz-d-xs-flex brz-flex-xs-wrap brz-css-oQV5n brz-css-fmeKk\" data-brz-custom-id=\"\">\n<div class=\"brz-wrapper-clone__item\" id=\"mprvzodzarukxekjomuyoydvtmjcmrnogdwz\">\n<div class=\"brz-icon__container\" data-brz-custom-id=\"mprvzodzarukxekjomuyoydvtmjcmrnogdwz\"><a class=\"brz-a\" href=\"https:\/\/www.facebook.com\/exclamacao.design.comunicacao\" target=\"_blank\" rel=\"noopener\" data-brz-link-type=\"external\"><span class=\"brz-icon brz-span brz-css-rzeNw brz-css-sk1RD\"><\/span><\/a><\/div>\n<\/div>\n<div class=\"brz-wrapper-clone__item\" id=\"trkvtccixqocsadpeadibdbtyqbceyketyqw\">\n<div class=\"brz-icon__container\" data-brz-custom-id=\"trkvtccixqocsadpeadibdbtyqbceyketyqw\"><a class=\"brz-a\" href=\"https:\/\/www.instagram.com\/exclamacao.design.comunicacao\/\" target=\"_blank\" rel=\"noopener\" data-brz-link-type=\"external\"><span class=\"brz-icon brz-span brz-css-rzeNw brz-css-gvXLt\"><\/span><\/a><\/div>\n<\/div>\n<div class=\"brz-wrapper-clone__item\" id=\"thttcrgagtbtloloneuqnpsoupmlxbzzklqm\">\n<div class=\"brz-icon__container\" data-brz-custom-id=\"thttcrgagtbtloloneuqnpsoupmlxbzzklqm\"><a class=\"brz-a\" href=\"https:\/\/www.linkedin.com\/company\/-design-e-comunica%C3%A7%C3%A3o\" target=\"_blank\" rel=\"noopener\" data-brz-link-type=\"external\"><span class=\"brz-icon brz-span brz-css-rzeNw brz-css-y4h3W\"><\/span><\/a><\/div>\n<\/div>\n<\/div>\n<\/div>\n<\/div>\n<\/div>\n<\/div>\n<\/div>\n<\/div>\n<\/div>\n<\/section>\n<footer id=\"_fvbauenhcvxhuosozeiiijfbudxndgsnzsmj\" class=\"brz-footer brz-css-sAtDi brz-css-moRB3\" data-brz-custom-id=\"fvbauenhcvxhuosozeiiijfbudxndgsnzsmj\">\n<div class=\"brz-bg\">\n<div class=\"brz-bg-color\"><\/div>\n<\/div>\n<div class=\"brz-container brz-css-qzmYY\">\n<div class=\"brz-row__container brz-css-ixbFk\" data-brz-custom-id=\"dpwgisydimnpnkoqamsbdxgyxtmudqfsexxs\">\n<div class=\"brz-bg\"><\/div>\n<div class=\"brz-row brz-css-kYhss brz-css-lePKc\">\n<div class=\"brz-columns brz-css-c_GRf\" data-brz-custom-id=\"muaqkwqretimxdqswyudaayfyrbyrsofdcpo\">\n<div class=\"brz-bg\"><\/div>\n<div class=\"brz-column__items brz-css-hV0w5\">\n<div id=\"\" class=\"brz-css-mKgOJ brz-wrapper\">\n<div class=\"brz-rich-text brz-rich-text__custom brz-css-eHve7\" data-brz-custom-id=\"uzuaweacgasgkibqxftjqotdkptpbyhuissh\">\n<div data-brz-translate-text=\"1\">\n<p class=\"brz-tp-paragraph brz-text-xs-center brz-css-xavuQ\"><span class=\"brz-cp-color8\">Exclama\u00e7\u00e3o design e comunica\u00e7\u00e3o<\/span><\/p>\n<p class=\"brz-tp-paragraph brz-text-xs-center brz-css-nxTZo\"><span class=\"brz-cp-color8\">Rua D. Afonso Henrique, n\u00ba80, sala 6<\/span><\/p>\n<p class=\"brz-tp-paragraph brz-text-xs-center brz-css-wWs9x\"><span class=\"brz-cp-color8\">Braga, Portugal<\/span><\/p>\n<\/div>\n<\/div>\n<\/div>\n<\/div>\n<\/div>\n<div class=\"brz-columns brz-css-c_GRf\" data-brz-custom-id=\"djdnxexdjucsbgxdnbpysjaxnfcuucmbbcjd\">\n<div class=\"brz-bg\"><\/div>\n<div class=\"brz-column__items brz-css-hV0w5\">\n<div id=\"\" class=\"brz-css-mKgOJ brz-wrapper\">\n<div class=\"brz-rich-text brz-rich-text__custom brz-css-eHve7\" data-brz-custom-id=\"nkkexhcsfqftfqemvwabbqfkubzkfqjdvwdp\">\n<div data-brz-translate-text=\"1\">\n<p class=\"brz-tp-paragraph brz-text-lg-right brz-text-xs-center brz-css-fe5To\"><span class=\"brz-cp-color8\">geral@exclamacao.agency<\/span><\/p>\n<\/div>\n<\/div>\n<\/div>\n<\/div>\n<\/div>\n<\/div>\n<\/div>\n<\/div>\n<\/footer>\n<\/div>\n<p>    <!-- version:1731382009 --><\/p>","protected":false},"excerpt":{"rendered":"<p>exclama\u00e7\u00e3o design e comunica\u00e7\u00e3o ag\u00eancia de comunica\u00e7\u00e3o NOVIDADES EM BREVE siga-nos em Exclama\u00e7\u00e3o design e comunica\u00e7\u00e3o Rua D. Afonso Henrique, n\u00ba80, sala 6 Braga, Portugal geral@exclamacao.agency<\/p>","protected":false},"author":1,"featured_media":0,"parent":0,"menu_order":0,"comment_status":"closed","ping_status":"closed","template":"brizy-blank-template.php","meta":{"om_disable_all_campaigns":false,"_monsterinsights_skip_tracking":false,"_monsterinsights_sitenote_active":false,"_monsterinsights_sitenote_note":"","_monsterinsights_sitenote_category":0,"_uf_show_specific_survey":0,"_uf_disable_surveys":false,"footnotes":""},"class_list":["post-8","page","type-page","status-publish","hentry"],"brizy_media":[{"id":23,"url":"https:\/\/exclamacao.agency\/wp-content\/uploads\/2020\/07\/logotipo-exclamacao.png","name":"logotipo-exclamacao.png","meta":{"brizy_attachment_uid":"wp-0440e067afb001d9c74e3d8c8df35d38","brizy_post_uid":["eefe0f0fa802c60ca5875b91e3c73823","b242f1d96a86364305f567a081a26736"]}}],"_links":{"self":[{"href":"https:\/\/exclamacao.agency\/en\/wp-json\/wp\/v2\/pages\/8","targetHints":{"allow":["GET"]}}],"collection":[{"href":"https:\/\/exclamacao.agency\/en\/wp-json\/wp\/v2\/pages"}],"about":[{"href":"https:\/\/exclamacao.agency\/en\/wp-json\/wp\/v2\/types\/page"}],"author":[{"embeddable":true,"href":"https:\/\/exclamacao.agency\/en\/wp-json\/wp\/v2\/users\/1"}],"replies":[{"embeddable":true,"href":"https:\/\/exclamacao.agency\/en\/wp-json\/wp\/v2\/comments?post=8"}],"version-history":[{"count":30,"href":"https:\/\/exclamacao.agency\/en\/wp-json\/wp\/v2\/pages\/8\/revisions"}],"predecessor-version":[{"id":2354,"href":"https:\/\/exclamacao.agency\/en\/wp-json\/wp\/v2\/pages\/8\/revisions\/2354"}],"wp:attachment":[{"href":"https:\/\/exclamacao.agency\/en\/wp-json\/wp\/v2\/media?parent=8"}],"curies":[{"name":"wp","href":"https:\/\/api.w.org\/{rel}","templated":true}]}}